{"id":3783,"date":"2019-06-17T12:46:39","date_gmt":"2019-06-17T12:46:39","guid":{"rendered":"http:\/\/boldman.themetechmount.com\/boldman-data\/?page_id=3783"},"modified":"2023-07-03T21:12:27","modified_gmt":"2023-07-03T21:12:27","slug":"inicio","status":"publish","type":"page","link":"https:\/\/www.urexport.com.uy\/","title":{"rendered":"Inicio"},"content":{"rendered":"<p>[vc_row tm_bgimagefixed=&#8221;&#8221; break_in_responsive=&#8221;991&#8243; full_width=&#8221;stretch_row&#8221;][vc_column width=&#8221;5\/12&#8243; css=&#8221;.vc_custom_1630964290020{padding-top: 55px !important;padding-right: 35px !important;}&#8221; tm_responsive_css=&#8221;23036804|colbreak_no|||||||||colbreak_no|||||40px|15px|||colbreak_no||||||||||colbreak_no|||||||||&#8221;][vc_empty_space height=&#8221;25px&#8221;]<div class=\"tm-element-heading-wrapper tm-heading-inner tm-element-align-left tm-seperator-none tm-heading-style-vertical \"><section class=\"tm-vc_cta3-container\"><div class=\"tm-vc_general tm-vc_cta3 tm-cta3-only tm-vc_cta3-style-classic tm-vc_cta3-shape-rounded tm-vc_cta3-align-left tm-vc_cta3-color-transparent tm-vc_cta3-icon-size-md tm-vc_cta3-actions-no tm-cta3-without-desc\"><div class=\"tm-vc_cta3_content-container\"><div class=\"tm-vc_cta3-content\"><header class=\"tm-vc_cta3-content-header tm-wrap\"><div class=\"tm-vc_cta3-headers tm-wrap-cell\"><h4 class=\"tm-custom-heading \" >Institucional<\/h4>\n<h2 class=\"tm-custom-heading \" >Qui\u00e9nes somos<\/h2>\n<\/div><\/header><\/div><\/div><\/div><\/section><\/div> <!-- .tm-element-heading-wrapper container --> [vc_column_text css=&#8221;.vc_custom_1688418011150{margin-bottom: 23px !important;}&#8221;]UREXPORT S.A. es una empresa dedicada a la industrializaci\u00f3n, congelaci\u00f3n y exportaci\u00f3n\u00a0 de pescado.<\/p>\n<p><strong>Desde 1965 ofrece a sus clientes los mejores productos congelados bajo un fuerte compromiso, en \u00f3ptimas condiciones sanitarias, con lealtad comercial y calidad.<\/strong>[\/vc_column_text][\/vc_column][vc_column width=&#8221;7\/12&#8243; tm_responsive_css=&#8221;33641545|colbreak_no|||||||||colbreak_no|0px||||||||colbreak_no||||||||||colbreak_no|||||||||&#8221;][vc_row_inner][vc_column_inner][vc_empty_space height=&#8221;30px&#8221;][vc_empty_space height=&#8221;25px&#8221;][vc_single_image image=&#8221;4679&#8243; img_size=&#8221;full&#8221; css_animation=&#8221;bottom-to-top&#8221; css=&#8221;.vc_custom_1688418519242{margin-bottom: 0px !important;}&#8221;][\/vc_column_inner][\/vc_row_inner][\/vc_column][\/vc_row][vc_row tm_bgimagefixed=&#8221;&#8221; break_in_responsive=&#8221;991&#8243; full_width=&#8221;stretch_row&#8221; equal_height=&#8221;yes&#8221; tm_responsive_css=&#8221;58309608|colbreak_no|||||||||colbreak_no|||||45px||||colbreak_no||||||||||colbreak_no|||||||||&#8221;][vc_column tm_col_bg_expand=&#8221;left&#8221; tm_zindex=&#8221;2&#8243; width=&#8221;5\/12&#8243; css=&#8221;.vc_custom_1630083470219{background-image: url(https:\/\/urexport.com.uy\/wp-content\/uploads\/2021\/08\/export2.jpg?id=3966) !important;background-position: center !important;background-repeat: no-repeat !important;background-size: cover !important;}&#8221;][\/vc_column][vc_column tm_bgcolor=&#8221;darkgrey&#8221; tm_col_bg_expand=&#8221;right&#8221; tm_zindex=&#8221;1&#8243; width=&#8221;7\/12&#8243; css=&#8221;.vc_custom_1560578723835{margin-top: 60px !important;margin-left: -350px !important;padding-top: 80px !important;padding-bottom: 20px !important;padding-left: 406px !important;}&#8221; tm_responsive_css=&#8221;95116456|colbreak_no|||||||||colbreak_no|50px|||0px|35px|||15px|colbreak_no||||||||||colbreak_no|||||||||&#8221;]<div class=\"tm-element-heading-wrapper tm-heading-inner tm-element-align-left tm-seperator-none tm-heading-style-vertical \"><section class=\"tm-vc_cta3-container\"><div class=\"tm-vc_general tm-vc_cta3 tm-cta3-only tm-vc_cta3-style-classic tm-vc_cta3-shape-rounded tm-vc_cta3-align-left tm-vc_cta3-color-transparent tm-vc_cta3-icon-size-md tm-vc_cta3-actions-no tm-cta3-without-desc\"><div class=\"tm-vc_cta3_content-container\"><div class=\"tm-vc_cta3-content\"><header class=\"tm-vc_cta3-content-header tm-wrap\"><div class=\"tm-vc_cta3-headers tm-wrap-cell\"><h4 class=\"tm-custom-heading \" >EXPORTACI\u00d3N<\/h4>\n<h2 class=\"tm-custom-heading \" >Presencia a Nivel mundial<\/h2>\n<\/div><\/header><\/div><\/div><\/div><\/section><\/div> <!-- .tm-element-heading-wrapper container --> [vc_column_text css=&#8221;.vc_custom_1630082025734{margin-bottom: 25px !important;}&#8221;]Tenemos presencia a nivel mundial, llegando a distintos mercados y siendo reconocidos por la calidad de nuestros productos.[\/vc_column_text][vc_column_text css=&#8221;.vc_custom_1688418744096{margin-bottom: 54px !important;}&#8221;]Nuestros productos se exportan a todos los continentes, y a diversos pa\u00edses como China, Vietnam, Corea del sur, Bangladesh, Pakistan, India, Rusia, Israel, Palestina, Brasil, Canad\u00e1, Servia, B\u00e9lgica, Francia, Espa\u00f1a, Reino Unido, Rep\u00fablica Dominicana, Cuba, Portugal, Italia, Egipto, Senegal, Liberia, Camer\u00fan, Guinea, Costa de Marfil, Guinea Ecuatorial, Togo, Benin, Gana, Angola, Gab\u00f3n, Estados Unidos, Mozambique, Rep\u00fablica del Congo, Rep\u00fablica Democr\u00e1tica del Congo, Nigeria y Namibia.[\/vc_column_text][\/vc_column][\/vc_row][vc_row tm_bgimagefixed=&#8221;&#8221; full_width=&#8221;stretch_row&#8221; css=&#8221;.vc_custom_1630458154136{padding-bottom: 140px !important;background-position: center !important;background-repeat: no-repeat !important;background-size: cover !important;}&#8221; tm_responsive_css=&#8221;96532327|colbreak_no|||||||||colbreak_no|||||40px||40px||colbreak_no||||||||||colbreak_no|||||||||&#8221;][vc_column]<div class=\"themetechmount-boxes themetechmount-boxes-blog themetechmount-boxes-view-carousel themetechmount-boxes-col-three themetechmount-boxes-sortable-no themetechmount-boxes-textalign-center tm-cta3-rev-heading tm-boxes-carousel-arrows-hide\" data-tm-speed=\"1500\" data-tm-autoplay=\"1\" data-tm-autoplayspeed=\"4500\" data-tm-loop=\"1\" data-tm-dots=\"0\" data-tm-nav=\"hide\" data-tm-centermode=\"0\" data-tm-centerpadding=\"300\" data-tm-pauseonfocus=\"1\" data-tm-pauseonhover=\"1\" data-tm-slidestoscroll=\"column\" data-tm-effecttype=\"slide\">\n\t\t<div class=\"themetechmount-boxes-inner themetechmount-boxes-blog-inner \"><div class=\"themetechmount-box-heading-wrapper tm-element-align-center\"><div class=\"tm-element-heading-wrapper tm-heading-inner tm-element-align-center tm-seperator-solid tm-heading-style-vertical \"><section class=\"tm-vc_cta3-container\"><div class=\"tm-vc_general tm-vc_cta3 tm-cta3-only tm-vc_cta3-style-classic tm-vc_cta3-shape-rounded tm-vc_cta3-align-center tm-vc_cta3-color-transparent tm-vc_cta3-icon-size-md tm-vc_cta3-actions-no tm-cta3-without-desc\"><div class=\"tm-vc_cta3_content-container\"><div class=\"tm-vc_cta3-content\"><header class=\"tm-vc_cta3-content-header tm-wrap\"><div class=\"tm-vc_cta3-headers tm-wrap-cell\"><h4 class=\"tm-custom-heading \" >UREXPORT<\/h4>\n<h2 class=\"tm-custom-heading \" >Ultimas noticias<\/h2>\n<\/div><\/header><\/div><\/div><\/div><\/section><\/div> <!-- .tm-element-heading-wrapper container --> <\/div> <!-- .tm-element-heading-wrapper container --> \n\t\t\t\n\t\t\t<div class=\"row multi-columns-row themetechmount-boxes-row-wrapper\">\n\t\t\t\t<div class=\"tm-box-col-wrapper col-lg-4 col-sm-6 col-md-4 col-xs-12 fishery\"><article class=\"themetechmount-box themetechmount-box-blog themetechmount-box-topimage themetechmount-blogbox-format- \">\r\n\t<div class=\"post-item\">\r\n\t\t<div class=\"themetechmount-box-content\">\t\t\r\n\t\t\t<div class=\"tm-featured-outer-wrapper tm-post-featured-outer-wrapper\">\r\n\t\t\t\t<div class=\"tm-featured-wrapper tm-post-featured-wrapper tm-post-format-\"><a href=\"https:\/\/www.urexport.com.uy\/?p=4540&#038;lang=en\"><img width=\"654\" height=\"494\" src=\"https:\/\/www.urexport.com.uy\/wp-content\/uploads\/2019\/02\/puerto-paloma-654x494.jpg\" class=\"attachment-themetechmount-img-blog-top size-themetechmount-img-blog-top wp-post-image\" alt=\"\" loading=\"lazy\" srcset=\"https:\/\/www.urexport.com.uy\/wp-content\/uploads\/2019\/02\/puerto-paloma-654x494.jpg 654w, https:\/\/www.urexport.com.uy\/wp-content\/uploads\/2019\/02\/puerto-paloma-300x227.jpg 300w, https:\/\/www.urexport.com.uy\/wp-content\/uploads\/2019\/02\/puerto-paloma-768x581.jpg 768w, https:\/\/www.urexport.com.uy\/wp-content\/uploads\/2019\/02\/puerto-paloma.jpg 800w\" sizes=\"(max-width: 654px) 100vw, 654px\" data-id=\"4379\" \/><\/a><\/div>\t\t\t<\/div>\t\t\r\n\t\t\t<div class=\"themetechmount-box-desc\">\r\n\t\t\t\t<div class=\"entry-header\">\r\n\t\t\t\t\t<div class=\"tm-entry-meta-wrapper\"><div class=\"entry-meta tm-entry-meta tm-entry-meta-blogbox\"><span class=\"tm-meta-line posted-on\"><i class=\"fa fa-calendar\"><\/i> <span class=\"screen-reader-text tm-hide\">Posted on <\/span><a href=\"https:\/\/www.urexport.com.uy\/?p=4540&#038;lang=en\" rel=\"bookmark\"><time class=\"entry-date published\" datetime=\"2022-01-25T18:06:35+00:00\">enero 25, 2022<\/time><time class=\"updated tm-hide\" datetime=\"2022-01-25T18:07:28+00:00\">enero 25, 2022<\/time><\/a><\/span><\/div><\/div>\t\t\t\t\t<div class=\"themetechmount-box-title\"><h4><a href=\"https:\/\/www.urexport.com.uy\/?p=4540&lang=en\">Seminar on Fishery Development at La Paloma&#8217;s Port<\/a><\/h4><\/div>\t\t\t\t<\/div>\t\t\t\t\r\n\t\t\t<\/div>\r\n        <\/div>\r\n\t<\/div>\r\n<\/article>\r\n<\/div><div class=\"tm-box-col-wrapper col-lg-4 col-sm-6 col-md-4 col-xs-12 the-company\"><article class=\"themetechmount-box themetechmount-box-blog themetechmount-box-topimage themetechmount-blogbox-format- \">\r\n\t<div class=\"post-item\">\r\n\t\t<div class=\"themetechmount-box-content\">\t\t\r\n\t\t\t<div class=\"tm-featured-outer-wrapper tm-post-featured-outer-wrapper\">\r\n\t\t\t\t<div class=\"tm-featured-wrapper tm-post-featured-wrapper tm-post-format-\"><a href=\"https:\/\/www.urexport.com.uy\/?p=4538&#038;lang=en\"><img width=\"654\" height=\"494\" src=\"https:\/\/www.urexport.com.uy\/wp-content\/uploads\/2021\/10\/expo2021dubai-654x494.jpg\" class=\"attachment-themetechmount-img-blog-top size-themetechmount-img-blog-top wp-post-image\" alt=\"\" loading=\"lazy\" srcset=\"https:\/\/www.urexport.com.uy\/wp-content\/uploads\/2021\/10\/expo2021dubai-654x494.jpg 654w, https:\/\/www.urexport.com.uy\/wp-content\/uploads\/2021\/10\/expo2021dubai-300x227.jpg 300w, https:\/\/www.urexport.com.uy\/wp-content\/uploads\/2021\/10\/expo2021dubai-768x581.jpg 768w, https:\/\/www.urexport.com.uy\/wp-content\/uploads\/2021\/10\/expo2021dubai.jpg 800w\" sizes=\"(max-width: 654px) 100vw, 654px\" data-id=\"4428\" \/><\/a><\/div>\t\t\t<\/div>\t\t\r\n\t\t\t<div class=\"themetechmount-box-desc\">\r\n\t\t\t\t<div class=\"entry-header\">\r\n\t\t\t\t\t<div class=\"tm-entry-meta-wrapper\"><div class=\"entry-meta tm-entry-meta tm-entry-meta-blogbox\"><span class=\"tm-meta-line posted-on\"><i class=\"fa fa-calendar\"><\/i> <span class=\"screen-reader-text tm-hide\">Posted on <\/span><a href=\"https:\/\/www.urexport.com.uy\/?p=4538&#038;lang=en\" rel=\"bookmark\"><time class=\"entry-date published updated\" datetime=\"2022-01-25T18:02:23+00:00\">enero 25, 2022<\/time><\/a><\/span><\/div><\/div>\t\t\t\t\t<div class=\"themetechmount-box-title\"><h4><a href=\"https:\/\/www.urexport.com.uy\/?p=4538&lang=en\">Present at Dubai Expo<\/a><\/h4><\/div>\t\t\t\t<\/div>\t\t\t\t\r\n\t\t\t<\/div>\r\n        <\/div>\r\n\t<\/div>\r\n<\/article>\r\n<\/div><div class=\"tm-box-col-wrapper col-lg-4 col-sm-6 col-md-4 col-xs-12 institucionales\"><article class=\"themetechmount-box themetechmount-box-blog themetechmount-box-topimage themetechmount-blogbox-format- \">\r\n\t<div class=\"post-item\">\r\n\t\t<div class=\"themetechmount-box-content\">\t\t\r\n\t\t\t<div class=\"tm-featured-outer-wrapper tm-post-featured-outer-wrapper\">\r\n\t\t\t\t<div class=\"tm-featured-wrapper tm-post-featured-wrapper tm-post-format-\"><a href=\"https:\/\/www.urexport.com.uy\/?p=4392\"><img width=\"654\" height=\"494\" src=\"https:\/\/www.urexport.com.uy\/wp-content\/uploads\/2021\/10\/expo2021dubai-654x494.jpg\" class=\"attachment-themetechmount-img-blog-top size-themetechmount-img-blog-top wp-post-image\" alt=\"\" loading=\"lazy\" srcset=\"https:\/\/www.urexport.com.uy\/wp-content\/uploads\/2021\/10\/expo2021dubai-654x494.jpg 654w, https:\/\/www.urexport.com.uy\/wp-content\/uploads\/2021\/10\/expo2021dubai-300x227.jpg 300w, https:\/\/www.urexport.com.uy\/wp-content\/uploads\/2021\/10\/expo2021dubai-768x581.jpg 768w, https:\/\/www.urexport.com.uy\/wp-content\/uploads\/2021\/10\/expo2021dubai.jpg 800w\" sizes=\"(max-width: 654px) 100vw, 654px\" data-id=\"4428\" \/><\/a><\/div>\t\t\t<\/div>\t\t\r\n\t\t\t<div class=\"themetechmount-box-desc\">\r\n\t\t\t\t<div class=\"entry-header\">\r\n\t\t\t\t\t<div class=\"tm-entry-meta-wrapper\"><div class=\"entry-meta tm-entry-meta tm-entry-meta-blogbox\"><span class=\"tm-meta-line posted-on\"><i class=\"fa fa-calendar\"><\/i> <span class=\"screen-reader-text tm-hide\">Posted on <\/span><a href=\"https:\/\/www.urexport.com.uy\/?p=4392\" rel=\"bookmark\"><time class=\"entry-date published\" datetime=\"2021-10-08T00:39:46+00:00\">octubre 8, 2021<\/time><time class=\"updated tm-hide\" datetime=\"2021-10-11T16:16:30+00:00\">octubre 11, 2021<\/time><\/a><\/span><\/div><\/div>\t\t\t\t\t<div class=\"themetechmount-box-title\"><h4><a href=\"https:\/\/www.urexport.com.uy\/?p=4392\">Presentes en la Expo Dubai<\/a><\/h4><\/div>\t\t\t\t<\/div>\t\t\t\t\r\n\t\t\t<\/div>\r\n        <\/div>\r\n\t<\/div>\r\n<\/article>\r\n<\/div><div class=\"tm-box-col-wrapper col-lg-4 col-sm-6 col-md-4 col-xs-12 pesca\"><article class=\"themetechmount-box themetechmount-box-blog themetechmount-box-topimage themetechmount-blogbox-format- \">\r\n\t<div class=\"post-item\">\r\n\t\t<div class=\"themetechmount-box-content\">\t\t\r\n\t\t\t<div class=\"tm-featured-outer-wrapper tm-post-featured-outer-wrapper\">\r\n\t\t\t\t<div class=\"tm-featured-wrapper tm-post-featured-wrapper tm-post-format-\"><a href=\"https:\/\/www.urexport.com.uy\/?p=629\"><img width=\"654\" height=\"494\" src=\"https:\/\/www.urexport.com.uy\/wp-content\/uploads\/2019\/02\/puerto-paloma-654x494.jpg\" class=\"attachment-themetechmount-img-blog-top size-themetechmount-img-blog-top wp-post-image\" alt=\"\" loading=\"lazy\" srcset=\"https:\/\/www.urexport.com.uy\/wp-content\/uploads\/2019\/02\/puerto-paloma-654x494.jpg 654w, https:\/\/www.urexport.com.uy\/wp-content\/uploads\/2019\/02\/puerto-paloma-300x227.jpg 300w, https:\/\/www.urexport.com.uy\/wp-content\/uploads\/2019\/02\/puerto-paloma-768x581.jpg 768w, https:\/\/www.urexport.com.uy\/wp-content\/uploads\/2019\/02\/puerto-paloma.jpg 800w\" sizes=\"(max-width: 654px) 100vw, 654px\" data-id=\"4379\" \/><\/a><\/div>\t\t\t<\/div>\t\t\r\n\t\t\t<div class=\"themetechmount-box-desc\">\r\n\t\t\t\t<div class=\"entry-header\">\r\n\t\t\t\t\t<div class=\"tm-entry-meta-wrapper\"><div class=\"entry-meta tm-entry-meta tm-entry-meta-blogbox\"><span class=\"tm-meta-line posted-on\"><i class=\"fa fa-calendar\"><\/i> <span class=\"screen-reader-text tm-hide\">Posted on <\/span><a href=\"https:\/\/www.urexport.com.uy\/?p=629\" rel=\"bookmark\"><time class=\"entry-date published\" datetime=\"2021-10-02T04:06:17+00:00\">octubre 2, 2021<\/time><time class=\"updated tm-hide\" datetime=\"2022-01-25T18:16:14+00:00\">enero 25, 2022<\/time><\/a><\/span><\/div><\/div>\t\t\t\t\t<div class=\"themetechmount-box-title\"><h4><a href=\"https:\/\/www.urexport.com.uy\/?p=629\">Seminario sobre Desarrollo Pesquero en el Puerto de La Paloma<\/a><\/h4><\/div>\t\t\t\t<\/div>\t\t\t\t\r\n\t\t\t<\/div>\r\n        <\/div>\r\n\t<\/div>\r\n<\/article>\r\n<\/div>\n\t\t\t<\/div>\n\t\t<\/div><!-- .themetechmount-boxes-inner -->   <\/div><!-- .themetechmount-boxes -->  [\/vc_column][\/vc_row]<\/p>\n","protected":false},"excerpt":{"rendered":"<p>[vc_row tm_bgimagefixed=&#8221;&#8221; break_in_responsive=&#8221;991&#8243; full_width=&#8221;stretch_row&#8221;][vc_column width=&#8221;5\/12&#8243; css=&#8221;.vc_custom_1630964290020{padding-top: 55px !important;padding-right: 35px !important;}&#8221; tm_responsive_css=&#8221;23036804|colbreak_no|||||||||colbreak_no|||||40px|15px|||colbreak_no||||||||||colbreak_no|||||||||&#8221;][vc_empty_space height=&#8221;25px&#8221;][vc_column_text css=&#8221;.vc_custom_1688418011150{margin-bottom: 23px !important;}&#8221;]UREXPORT S.A. es una empresa dedicada a la industrializaci\u00f3n, congelaci\u00f3n y exportaci\u00f3n\u00a0 de pescado. Desde 1965 ofrece a sus clientes los mejores productos congelados bajo un fuerte compromiso, en \u00f3ptimas condiciones sanitarias, con lealtad comercial y calidad.[\/vc_column_text][\/vc_column][vc_column width=&#8221;7\/12&#8243; tm_responsive_css=&#8221;33641545|colbreak_no|||||||||colbreak_no|0px||||||||colbreak_no||||||||||colbreak_no|||||||||&#8221;][vc_row_inner][vc_column_inner][vc_empty_space height=&#8221;30px&#8221;][vc_empty_space height=&#8221;25px&#8221;][vc_single_image &hellip; <a href=\"https:\/\/www.urexport.com.uy\/?p=629\" class=\"more-link\">Continue reading <span class=\"screen-reader-text\">Seminario sobre Desarrollo Pesquero en el Puerto de La Paloma<\/span><\/a><\/p>\n","protected":false},"author":2,"featured_media":0,"parent":0,"menu_order":5,"comment_status":"closed","ping_status":"closed","template":"","meta":[],"_links":{"self":[{"href":"https:\/\/www.urexport.com.uy\/index.php?rest_route=\/wp\/v2\/pages\/3783"}],"collection":[{"href":"https:\/\/www.urexport.com.uy\/index.php?rest_route=\/wp\/v2\/pages"}],"about":[{"href":"https:\/\/www.urexport.com.uy\/index.php?rest_route=\/wp\/v2\/types\/page"}],"author":[{"embeddable":true,"href":"https:\/\/www.urexport.com.uy\/index.php?rest_route=\/wp\/v2\/users\/2"}],"replies":[{"embeddable":true,"href":"https:\/\/www.urexport.com.uy\/index.php?rest_route=%2Fwp%2Fv2%2Fcomments&post=3783"}],"version-history":[{"count":112,"href":"https:\/\/www.urexport.com.uy\/index.php?rest_route=\/wp\/v2\/pages\/3783\/revisions"}],"predecessor-version":[{"id":4685,"href":"https:\/\/www.urexport.com.uy\/index.php?rest_route=\/wp\/v2\/pages\/3783\/revisions\/4685"}],"wp:attachment":[{"href":"https:\/\/www.urexport.com.uy\/index.php?rest_route=%2Fwp%2Fv2%2Fmedia&parent=3783"}],"curies":[{"name":"wp","href":"https:\/\/api.w.org\/{rel}","templated":true}]}}