{"id":4755,"date":"2023-07-03T23:58:13","date_gmt":"2023-07-03T23:58:13","guid":{"rendered":"https:\/\/www.urexport.com.uy\/?page_id=4755"},"modified":"2023-07-06T14:14:27","modified_gmt":"2023-07-06T14:14:27","slug":"flota","status":"publish","type":"page","link":"https:\/\/www.urexport.com.uy\/?page_id=4755","title":{"rendered":"Flota, control de calidad y trazabilidad"},"content":{"rendered":"<p>[vc_row tm_bgcolor=&#8221;grey&#8221; tm_bgimagefixed=&#8221;&#8221; break_in_responsive=&#8221;991&#8243; full_width=&#8221;stretch_row&#8221; tm_responsive_css=&#8221;10323992|colbreak_no|||||||||colbreak_no|||||20px||25px||colbreak_no||||||||||colbreak_no|||||||||&#8221; css=&#8221;.vc_custom_1632412901600{padding-bottom: 60px !important;background-color: #ffffff !important;}&#8221; el_id=&#8221;somos&#8221;][vc_column reduce_extra_padding=&#8221;991&#8243; width=&#8221;1\/2&#8243; css=&#8221;.vc_custom_1549027133600{padding-left: 5px !important;}&#8221;]<div class=\"tm-element-heading-wrapper tm-heading-inner tm-element-align-left tm-seperator-none tm-heading-style-vertical \"><section class=\"tm-vc_cta3-container\"><div class=\"tm-vc_general tm-vc_cta3 tm-cta3-only tm-vc_cta3-style-classic tm-vc_cta3-shape-rounded tm-vc_cta3-align-left tm-vc_cta3-color-transparent tm-vc_cta3-icon-size-md tm-vc_cta3-actions-no tm-cta3-without-desc\"><div class=\"tm-vc_cta3_content-container\"><div class=\"tm-vc_cta3-content\"><header class=\"tm-vc_cta3-content-header tm-wrap\"><div class=\"tm-vc_cta3-headers tm-wrap-cell\"><h4 class=\"tm-custom-heading \" >Krios<\/h4>\n<h2 class=\"tm-custom-heading \" >Procesadora de productos del mar<\/h2>\n<\/div><\/header><\/div><\/div><\/div><\/section><\/div> <!-- .tm-element-heading-wrapper container --> [vc_column_text]Uruguay es un pa\u00eds rodeado por las limpias aguas del R\u00edo de la Plata y Oc\u00e9ano Atl\u00e1ntico Sur (Zona 41 de la FAO) privilegiado con una rica variedad de especies mar\u00edtimas; la actividad pesquera es realizada en un \u00e1rea de pesca compartida con Argentina donde se establecen cuotas de pesca reguladas por una comisi\u00f3n binacional.<\/p>\n<p>Es reconocido internacionalmente por la alta calidad en su producci\u00f3n de alimentos y cuenta con un puerto natural en Montevideo y una moderna log\u00edstica que permite un r\u00e1pido y eficiente acceso al mundo; adem\u00e1s de ser un pa\u00eds con alto nivel de controles que evitan la pirater\u00eda y la depredaci\u00f3n de las especies marinas.<\/p>\n<p>La marca KRIOS es sin\u00f3nimo de compromiso con la naturaleza y los consumidores, procesando y exportando productos del mar destinados a una gran diversidad de mercados. La planta de procesamiento aplica las Buenas Pr\u00e1cticas de Manufactura y los m\u00e1s estrictos est\u00e1ndares sanitarios, a trav\u00e9s de un equipo de trabajo capacitado y tecnolog\u00eda de punta.[\/vc_column_text][\/vc_column][vc_column width=&#8221;1\/2&#8243;][vc_empty_space height=&#8221;20px&#8221;][vc_single_image image=&#8221;4696&#8243; img_size=&#8221;full&#8221; onclick=&#8221;link_image&#8221; css_animation=&#8221;bottom-to-top&#8221;][\/vc_column][\/vc_row][vc_row tm_bgimagefixed=&#8221;&#8221; break_in_responsive=&#8221;991&#8243; full_width=&#8221;stretch_row&#8221; video_bg=&#8221;yes&#8221; video_bg_url=&#8221;https:\/\/www.youtube.com\/watch?v=lPuoF2XXl2I&#8221; tm_responsive_css=&#8221;10323992|colbreak_no|||||||||colbreak_no|||||20px||25px||colbreak_no||||||||||colbreak_no|||||||||&#8221; css=&#8221;.vc_custom_1633530424343{padding-top: 90px !important;padding-bottom: 90px !important;}&#8221;][vc_column reduce_extra_padding=&#8221;991&#8243; width=&#8221;1\/4&#8243; css=&#8221;.vc_custom_1549027133600{padding-left: 5px !important;}&#8221;][\/vc_column][vc_column width=&#8221;2\/4&#8243;][vc_empty_space][vc_column_text]<\/p>\n<h2 style=\"text-align: center;\"><span style=\"color: #ffffff;\">Valor diferencial: pescado silvestre libre de qu\u00edmicos y aditivos, capturado en un entorno natural de aguas oce\u00e1nicas.<\/span><\/h2>\n<p>[\/vc_column_text][\/vc_column][vc_column width=&#8221;1\/4&#8243;][\/vc_column][\/vc_row][vc_row tm_bgimagefixed=&#8221;&#8221; break_in_responsive=&#8221;991&#8243; full_width=&#8221;stretch_row&#8221; tm_responsive_css=&#8221;10323992|colbreak_no|||||||||colbreak_no|||||20px||25px||colbreak_no||||||||||colbreak_no|||||||||&#8221; css=&#8221;.vc_custom_1632412686289{padding-top: 90px !important;padding-bottom: 76px !important;background-color: #f2f2f2 !important;}&#8221; el_id=&#8221;flota&#8221;][vc_column reduce_extra_padding=&#8221;991&#8243; width=&#8221;7\/12&#8243; css=&#8221;.vc_custom_1549027133600{padding-left: 5px !important;}&#8221;]<div class=\"tm-element-heading-wrapper tm-heading-inner tm-element-align-left tm-seperator-none tm-heading-style-vertical \"><section class=\"tm-vc_cta3-container\"><div class=\"tm-vc_general tm-vc_cta3 tm-cta3-only tm-vc_cta3-style-classic tm-vc_cta3-shape-rounded tm-vc_cta3-align-left tm-vc_cta3-color-transparent tm-vc_cta3-icon-size-md tm-vc_cta3-actions-no tm-cta3-without-desc\"><div class=\"tm-vc_cta3_content-container\"><div class=\"tm-vc_cta3-content\"><header class=\"tm-vc_cta3-content-header tm-wrap\"><div class=\"tm-vc_cta3-headers tm-wrap-cell\"><h4 class=\"tm-custom-heading \" >Embarcaciones<\/h4>\n<h2 class=\"tm-custom-heading \" >Flota, control de calidad y trazabilidad<\/h2>\n<\/div><\/header><\/div><\/div><\/div><\/section><\/div> <!-- .tm-element-heading-wrapper container --> [vc_column_text]El abastecimiento de la Planta industrial se realiza a trav\u00e9s de barcos pesqueros de sus socios estrat\u00e9gicos, as\u00ed como tambi\u00e9n de barcos asociados que garantizan la continuidad de la entrega de materia prima fresca para su procesamiento.[\/vc_column_text][vc_column_text]Todos nuestros procesos y productos pesqueros est\u00e1n amparados por un programa de trazabilidad y auto-control conformes al Sistema de An\u00e1lisis de Peligros y de los Puntos Cr\u00edticos de Control (HACCP), de las buenas Pr\u00e1cticas de Manufactura (GMP) y la aplicaci\u00f3n de los Procedimientos Normalizados de Higiene Diaria (SSOP). Nuestra log\u00edstica e instalaciones aseguran un adecuado mantenimiento de la cadena de fr\u00edo y la \u00f3ptima calidad de los productos gracias a una s\u00f3lida estructura frigor\u00edfica y un equipamiento dise\u00f1ado para permitir procesos eficientes.[\/vc_column_text][\/vc_column][vc_column width=&#8221;5\/12&#8243;][vc_single_image image=&#8221;4765&#8243; img_size=&#8221;full&#8221; css_animation=&#8221;bottom-to-top&#8221;][\/vc_column][\/vc_row]<\/p>\n","protected":false},"excerpt":{"rendered":"<p>[vc_row tm_bgcolor=&#8221;grey&#8221; tm_bgimagefixed=&#8221;&#8221; break_in_responsive=&#8221;991&#8243; full_width=&#8221;stretch_row&#8221; tm_responsive_css=&#8221;10323992|colbreak_no|||||||||colbreak_no|||||20px||25px||colbreak_no||||||||||colbreak_no|||||||||&#8221; css=&#8221;.vc_custom_1632412901600{padding-bottom: 60px !important;background-color: #ffffff !important;}&#8221; el_id=&#8221;somos&#8221;][vc_column reduce_extra_padding=&#8221;991&#8243; width=&#8221;1\/2&#8243; css=&#8221;.vc_custom_1549027133600{padding-left: 5px !important;}&#8221;][vc_column_text]Uruguay es un pa\u00eds rodeado por las limpias aguas del R\u00edo de la Plata y Oc\u00e9ano Atl\u00e1ntico Sur (Zona 41 de la FAO) privilegiado con una rica variedad de especies mar\u00edtimas; la actividad pesquera es realizada en un \u00e1rea &hellip; <a href=\"https:\/\/www.urexport.com.uy\/?page_id=4755\" class=\"more-link\">Continue reading <span class=\"screen-reader-text\">Flota, control de calidad y trazabilidad<\/span><\/a><\/p>\n","protected":false},"author":2,"featured_media":0,"parent":0,"menu_order":10,"comment_status":"closed","ping_status":"closed","template":"","meta":[],"_links":{"self":[{"href":"https:\/\/www.urexport.com.uy\/index.php?rest_route=\/wp\/v2\/pages\/4755"}],"collection":[{"href":"https:\/\/www.urexport.com.uy\/index.php?rest_route=\/wp\/v2\/pages"}],"about":[{"href":"https:\/\/www.urexport.com.uy\/index.php?rest_route=\/wp\/v2\/types\/page"}],"author":[{"embeddable":true,"href":"https:\/\/www.urexport.com.uy\/index.php?rest_route=\/wp\/v2\/users\/2"}],"replies":[{"embeddable":true,"href":"https:\/\/www.urexport.com.uy\/index.php?rest_route=%2Fwp%2Fv2%2Fcomments&post=4755"}],"version-history":[{"count":5,"href":"https:\/\/www.urexport.com.uy\/index.php?rest_route=\/wp\/v2\/pages\/4755\/revisions"}],"predecessor-version":[{"id":4766,"href":"https:\/\/www.urexport.com.uy\/index.php?rest_route=\/wp\/v2\/pages\/4755\/revisions\/4766"}],"wp:attachment":[{"href":"https:\/\/www.urexport.com.uy\/index.php?rest_route=%2Fwp%2Fv2%2Fmedia&parent=4755"}],"curies":[{"name":"wp","href":"https:\/\/api.w.org\/{rel}","templated":true}]}}